{"id":16823,"date":"2023-06-02T10:56:40","date_gmt":"2023-06-02T13:56:40","guid":{"rendered":"https:\/\/arteparacanecas.com.br\/index.php\/product\/letra-z-arte-alfabeto-gratis-borboleta\/"},"modified":"2023-06-02T11:20:01","modified_gmt":"2023-06-02T14:20:01","slug":"letra-z-arte-alfabeto-gratis-borboleta","status":"publish","type":"product","link":"https:\/\/arteparacanecas.com.br\/index.php\/product\/letra-z-arte-alfabeto-gratis-borboleta\/","title":{"rendered":"Letra Z Arte Alfabeto Gr\u00e1tis Borboleta"},"content":{"rendered":"<p>ESTE KIT \u00c9 UM PACOTE DE ARTE PARA CANECA GR\u00c1TIS LETRA Z ALFABETO BORBOLETA<\/p>\n<p>Pacote letra de arte caneca alfabeto gr\u00e1tis vai<\/p>\n<p>1 Artes para canecas pronta para imprimir &#8211; Formatos: PNG ou JPG<br \/>\n1 Mockups fundo branco de apresenta\u00e7\u00e3o para cliente<\/p>\n","protected":false},"excerpt":{"rendered":"<p>ESTE KIT \u00c9 UM PACOTE DE ARTE PARA CANECA GR\u00c1TIS LETRA Z ALFABETO BORBOLETA<\/p>\n<p>Pacote letra de arte caneca alfabeto gr\u00e1tis vai<\/p>\n<p>1 Artes para canecas pronta para imprimir &#8211; Formatos: PNG ou JPG<br \/>\n1 Mockups fundo branco de apresenta\u00e7\u00e3o para cliente<\/p>\n<h3>VOC\u00ca TAMB\u00c9M PODE:<\/h3>\n<h4>Baixar o pacote completo<\/h4>\n<h4>Sem perder tempo<\/h4>\n<h4>E ajudar nosso projeto<\/h4>\n<p><a href=\"https:\/\/arteparacanecas.com.br\/index.php\/product\/kit-arte-digital-alfabeto-borboleta\/\"><input name=\"PACOTE COMPLETO POR R$: 2,70\" type=\"button\" value=\"PACOTE COMPLETO POR R$: 2,70\" \/><\/a><\/p>\n","protected":false},"featured_media":16828,"comment_status":"open","ping_status":"closed","template":"","meta":{"om_disable_all_campaigns":false,"_monsterinsights_skip_tracking":false,"_monsterinsights_sitenote_active":false,"_monsterinsights_sitenote_note":"","_monsterinsights_sitenote_category":0},"product_brand":[],"product_cat":[285,241],"product_tag":[286,288,287,258],"class_list":{"0":"post-16823","1":"product","2":"type-product","3":"status-publish","4":"has-post-thumbnail","6":"product_cat-alfabeto","7":"product_cat-artes-para-caneca-gratis","8":"product_tag-alfabeto","9":"product_tag-gratis","10":"product_tag-letra","11":"product_tag-pacote","12":"yith_product_brand-caneca","14":"first","15":"instock","16":"sale","17":"featured","18":"downloadable","19":"virtual","20":"purchasable","21":"product-type-simple"},"aioseo_notices":[],"_links":{"self":[{"href":"https:\/\/arteparacanecas.com.br\/index.php\/wp-json\/wp\/v2\/product\/16823","targetHints":{"allow":["GET"]}}],"collection":[{"href":"https:\/\/arteparacanecas.com.br\/index.php\/wp-json\/wp\/v2\/product"}],"about":[{"href":"https:\/\/arteparacanecas.com.br\/index.php\/wp-json\/wp\/v2\/types\/product"}],"replies":[{"embeddable":true,"href":"https:\/\/arteparacanecas.com.br\/index.php\/wp-json\/wp\/v2\/comments?post=16823"}],"wp:featuredmedia":[{"embeddable":true,"href":"https:\/\/arteparacanecas.com.br\/index.php\/wp-json\/wp\/v2\/media\/16828"}],"wp:attachment":[{"href":"https:\/\/arteparacanecas.com.br\/index.php\/wp-json\/wp\/v2\/media?parent=16823"}],"wp:term":[{"taxonomy":"product_brand","embeddable":true,"href":"https:\/\/arteparacanecas.com.br\/index.php\/wp-json\/wp\/v2\/product_brand?post=16823"},{"taxonomy":"product_cat","embeddable":true,"href":"https:\/\/arteparacanecas.com.br\/index.php\/wp-json\/wp\/v2\/product_cat?post=16823"},{"taxonomy":"product_tag","embeddable":true,"href":"https:\/\/arteparacanecas.com.br\/index.php\/wp-json\/wp\/v2\/product_tag?post=16823"}],"curies":[{"name":"wp","href":"https:\/\/api.w.org\/{rel}","templated":true}]}}